{"id":3084,"date":"2024-07-14T08:48:09","date_gmt":"2024-07-14T08:48:09","guid":{"rendered":"https:\/\/takateknoloji.com\/neler-yapiyoruz\/"},"modified":"2025-06-17T21:06:10","modified_gmt":"2025-06-17T21:06:10","slug":"our-services","status":"publish","type":"page","link":"https:\/\/takateknoloji.com\/en\/our-services\/","title":{"rendered":"Our Services"},"content":{"rendered":"\t\t<div data-elementor-type=\"wp-page\" data-elementor-id=\"3084\" class=\"elementor elementor-3084 elementor-32\" data-elementor-post-type=\"page\">\n\t\t\t\t<div class=\"elementor-element elementor-element-bf444c7 e-flex e-con-boxed e-con e-parent\" data-id=\"bf444c7\" data-element_type=\"container\" data-e-type=\"container\">\n\t\t\t\t\t<div class=\"e-con-inner\">\n\t\t\r\n\t\t<div class=\"elementor-element elementor-element-f6673d8 elementor-widget__width-initial elementor-widget elementor-widget-rakarsectiontitle\" data-id=\"f6673d8\" data-element_type=\"widget\" data-e-type=\"widget\" data-widget_type=\"rakarsectiontitle.default\">\n\t\t\t\t<div class=\"elementor-widget-container\">\n\t\t\t\t\t\t\t<div class=\"title-area text-center \">\r\n\t\t\t<h2 class=\"sec-title \">The Address of Trust and Quality in Battery-Powered Vehicles<\/h2><p>Our company, operating in battery-powered vehicle sales, technical support, and manufacturing, offers innovative solutions that help children grow while having fun.<\/p>\t\t<\/div>\r\n\r\n\t\t\t\t\t<\/div>\n\t\t\t\t<\/div>\n\t\t<div class=\"elementor-element elementor-element-c1fee6c e-con-full e-grid e-con e-child\" data-id=\"c1fee6c\" data-element_type=\"container\" data-e-type=\"container\" data-settings=\"{&quot;background_background&quot;:&quot;classic&quot;}\">\n\t\t\t\t<div class=\"elementor-element elementor-element-1d2eaf1 elementor-position-top elementor-widget elementor-widget-image-box\" data-id=\"1d2eaf1\" data-element_type=\"widget\" data-e-type=\"widget\" data-widget_type=\"image-box.default\">\n\t\t\t\t<div class=\"elementor-widget-container\">\n\t\t\t\t\t<div class=\"elementor-image-box-wrapper\"><figure class=\"elementor-image-box-img\"><a href=\"https:\/\/takateknoloji.com\/en\/our-services\/battery-powered-car-sales\/\" tabindex=\"-1\"><img fetchpriority=\"high\" decoding=\"async\" width=\"640\" height=\"450\" src=\"https:\/\/takateknoloji.com\/wp-content\/uploads\/2025\/06\/akulu-araba-satisi.jpg\" class=\"attachment-full size-full wp-image-2408\" alt=\"Ak\u00fcl\u00fc Araba Sat\u0131\u015f\u0131\" srcset=\"https:\/\/takateknoloji.com\/wp-content\/uploads\/2025\/06\/akulu-araba-satisi.jpg 640w, https:\/\/takateknoloji.com\/wp-content\/uploads\/2025\/06\/akulu-araba-satisi-300x211.jpg 300w\" sizes=\"(max-width: 640px) 100vw, 640px\" \/><\/a><\/figure><div class=\"elementor-image-box-content\"><h3 class=\"elementor-image-box-title\"><a href=\"https:\/\/takateknoloji.com\/en\/our-services\/battery-powered-car-sales\/\">Battery-Powered Car Sales<\/a><\/h3><p class=\"elementor-image-box-description\">We offer safe and high-quality battery-powered cars designed for children, with both new and second-hand options available.<\/p><\/div><\/div>\t\t\t\t<\/div>\n\t\t\t\t<\/div>\n\t\t\t\t<div class=\"elementor-element elementor-element-7740d55 elementor-position-top elementor-widget elementor-widget-image-box\" data-id=\"7740d55\" data-element_type=\"widget\" data-e-type=\"widget\" data-widget_type=\"image-box.default\">\n\t\t\t\t<div class=\"elementor-widget-container\">\n\t\t\t\t\t<div class=\"elementor-image-box-wrapper\"><figure class=\"elementor-image-box-img\"><a href=\"https:\/\/takateknoloji.com\/en\/our-services\/spare-parts-sales\/\" tabindex=\"-1\"><img decoding=\"async\" width=\"640\" height=\"450\" src=\"https:\/\/takateknoloji.com\/wp-content\/uploads\/2025\/06\/yedek-parca.jpg\" class=\"attachment-full size-full wp-image-2410\" alt=\"Yedek Malzeme Sat\u0131\u015f\u0131\" srcset=\"https:\/\/takateknoloji.com\/wp-content\/uploads\/2025\/06\/yedek-parca.jpg 640w, https:\/\/takateknoloji.com\/wp-content\/uploads\/2025\/06\/yedek-parca-300x211.jpg 300w\" sizes=\"(max-width: 640px) 100vw, 640px\" \/><\/a><\/figure><div class=\"elementor-image-box-content\"><h3 class=\"elementor-image-box-title\"><a href=\"https:\/\/takateknoloji.com\/en\/our-services\/spare-parts-sales\/\">Spare Parts Sales<\/a><\/h3><p class=\"elementor-image-box-description\">We provide original and compatible spare parts for all brands of battery-powered vehicles, with fast supply and reliable service.<\/p><\/div><\/div>\t\t\t\t<\/div>\n\t\t\t\t<\/div>\n\t\t\t\t<div class=\"elementor-element elementor-element-978d49f elementor-position-top elementor-widget elementor-widget-image-box\" data-id=\"978d49f\" data-element_type=\"widget\" data-e-type=\"widget\" data-widget_type=\"image-box.default\">\n\t\t\t\t<div class=\"elementor-widget-container\">\n\t\t\t\t\t<div class=\"elementor-image-box-wrapper\"><figure class=\"elementor-image-box-img\"><a href=\"https:\/\/takateknoloji.com\/en\/our-services\/technical-service\/\" tabindex=\"-1\"><img decoding=\"async\" width=\"640\" height=\"450\" src=\"https:\/\/takateknoloji.com\/wp-content\/uploads\/2025\/06\/teknik-servis-1.jpg\" class=\"attachment-full size-full wp-image-2409\" alt=\"Teknik Servis\" srcset=\"https:\/\/takateknoloji.com\/wp-content\/uploads\/2025\/06\/teknik-servis-1.jpg 640w, https:\/\/takateknoloji.com\/wp-content\/uploads\/2025\/06\/teknik-servis-1-300x211.jpg 300w\" sizes=\"(max-width: 640px) 100vw, 640px\" \/><\/a><\/figure><div class=\"elementor-image-box-content\"><h3 class=\"elementor-image-box-title\"><a href=\"https:\/\/takateknoloji.com\/en\/our-services\/technical-service\/\">Battery-Powered Vehicle Technical Service<\/a><\/h3><p class=\"elementor-image-box-description\">We offer fault detection, maintenance, and repair services for your battery-powered vehicles quickly and reliably with our expert team.<\/p><\/div><\/div>\t\t\t\t<\/div>\n\t\t\t\t<\/div>\n\t\t\t\t<div class=\"elementor-element elementor-element-cfe20a5 elementor-position-top elementor-widget elementor-widget-image-box\" data-id=\"cfe20a5\" data-element_type=\"widget\" data-e-type=\"widget\" data-widget_type=\"image-box.default\">\n\t\t\t\t<div class=\"elementor-widget-container\">\n\t\t\t\t\t<div class=\"elementor-image-box-wrapper\"><figure class=\"elementor-image-box-img\"><a href=\"https:\/\/takateknoloji.com\/en\/our-services\/control-board-repair\/\" tabindex=\"-1\"><img loading=\"lazy\" decoding=\"async\" width=\"640\" height=\"450\" src=\"https:\/\/takateknoloji.com\/wp-content\/uploads\/2025\/06\/kontrol-karti.jpg\" class=\"attachment-full size-full wp-image-2545\" alt=\"\" srcset=\"https:\/\/takateknoloji.com\/wp-content\/uploads\/2025\/06\/kontrol-karti.jpg 640w, https:\/\/takateknoloji.com\/wp-content\/uploads\/2025\/06\/kontrol-karti-300x211.jpg 300w\" sizes=\"(max-width: 640px) 100vw, 640px\" \/><\/a><\/figure><div class=\"elementor-image-box-content\"><h3 class=\"elementor-image-box-title\"><a href=\"https:\/\/takateknoloji.com\/en\/our-services\/control-board-repair\/\">Control Board Repair<\/a><\/h3><p class=\"elementor-image-box-description\">We quickly and reliably repair faults in the control boards of battery-powered vehicles, ensuring your vehicle operates smoothly.<\/p><\/div><\/div>\t\t\t\t<\/div>\n\t\t\t\t<\/div>\n\t\t\t\t<\/div>\n\t\t\t\t\t<\/div>\n\t\t\t\t<\/div>\n\t\t<div class=\"elementor-element elementor-element-7e8f848 e-flex e-con-boxed e-con e-parent\" data-id=\"7e8f848\" data-element_type=\"container\" data-e-type=\"container\" data-settings=\"{&quot;background_background&quot;:&quot;classic&quot;}\">\n\t\t\t\t\t<div class=\"e-con-inner\">\n\t\t<div class=\"elementor-element elementor-element-46c56f6 e-con-full e-flex e-con e-child\" data-id=\"46c56f6\" data-element_type=\"container\" data-e-type=\"container\">\n\t\t<div class=\"elementor-element elementor-element-e37e7fb e-con-full e-flex e-con e-child\" data-id=\"e37e7fb\" data-element_type=\"container\" data-e-type=\"container\">\n\t\t\t\t<div class=\"elementor-element elementor-element-932b106 elementor-widget elementor-widget-rakarsectiontitle\" data-id=\"932b106\" data-element_type=\"widget\" data-e-type=\"widget\" data-widget_type=\"rakarsectiontitle.default\">\n\t\t\t\t<div class=\"elementor-widget-container\">\n\t\t\t\t\t\t\t<div class=\"title-area  \">\r\n\t\t\t<span class=\"sub-title shape-white\"><img decoding=\"async\" src=\"https:\/\/wordpress.themeholy.com\/rakar\/wp-content\/uploads\/2024\/07\/title_icon_white.svg\" alt=\"title_icon_white\"  \/>About Us<\/span><h2 class=\"sec-title \">Taka Technology<\/h2>\t\t<\/div>\r\n\r\n\t\t\t\t\t<\/div>\n\t\t\t\t<\/div>\n\t\t\t\t<div class=\"elementor-element elementor-element-21151aa elementor-widget elementor-widget-text-editor\" data-id=\"21151aa\" data-element_type=\"widget\" data-e-type=\"widget\" data-widget_type=\"text-editor.default\">\n\t\t\t\t<div class=\"elementor-widget-container\">\n\t\t\t\t\t\t\t\t\t<p class=\"ff-title fs-18 fw-medium text-white\">Our company is a trusted and leading organization specialized in battery-powered vehicles for over 10 years, with a strong service network across Turkey. Founded in the Ba\u011fl\u0131ca district of Ankara, our company operates with an approach that values the impact of technological toys on children\u2019s lives.<\/p>\t\t\t\t\t\t\t\t<\/div>\n\t\t\t\t<\/div>\n\t\t\t\t<div class=\"elementor-element elementor-element-7873599 elementor-widget elementor-widget-text-editor\" data-id=\"7873599\" data-element_type=\"widget\" data-e-type=\"widget\" data-widget_type=\"text-editor.default\">\n\t\t\t\t<div class=\"elementor-widget-container\">\n\t\t\t\t\t\t\t\t\t<p class=\"ff-title fs-18 fw-medium text-white\">Our goal is to introduce children to technology at an early age and provide them with tools that both entertain and support their development. Battery-powered and pedal vehicles are more than just fun toys; they are important tools that reinforce a child\u2019s sense of independence, instill responsibility, and enhance both gross and fine motor skills. Through these toys, children move freely while playfully developing essential abilities such as spatial awareness, balance, focus, and coordination.\t\t\t\t\t\t\t\t<\/div>\n\t\t\t\t<\/div>\n\t\t<div class=\"elementor-element elementor-element-f67ae55 e-con-full e-flex e-con e-child\" data-id=\"f67ae55\" data-element_type=\"container\" data-e-type=\"container\">\n\t\t\t\t<div class=\"elementor-element elementor-element-1ead5b2 elementor-widget elementor-widget-rakarbutton\" data-id=\"1ead5b2\" data-element_type=\"widget\" data-e-type=\"widget\" data-widget_type=\"rakarbutton.default\">\n\t\t\t\t<div class=\"elementor-widget-container\">\n\t\t\t\t\t<div class=\"btn-wrapper\"><a class=\"th-btn th_btn style3\" href=\"https:\/\/takateknoloji.com\/en\/about\/about-us\/\">About Us<i class=\"far fa-arrow-right\"><\/i><\/a><\/div>\t\t\t\t<\/div>\n\t\t\t\t<\/div>\n\t\t\t\t<div class=\"elementor-element elementor-element-3f5dcfa elementor-widget elementor-widget-html\" data-id=\"3f5dcfa\" data-element_type=\"widget\" data-e-type=\"widget\" data-widget_type=\"html.default\">\n\t\t\t\t<div class=\"elementor-widget-container\">\n\t\t\t\t\t<div class=\"call-btn\">\r\n<div class=\"play-btn\">\r\n    <i class=\"fal fa-phone\"><\/i>\r\n<\/div>\r\n<div class=\"media-body\">\r\n    <p class=\"box-label\">24\/7 Customer Support<\/p>\r\n    <h6 class=\"box-link text-white\"><a href=\"tel:+0123456789\">+0 (123) 456 789<\/a><\/h6>\r\n<\/div>\r\n<\/div>\t\t\t\t<\/div>\n\t\t\t\t<\/div>\n\t\t\t\t<\/div>\n\t\t\t\t<\/div>\n\t\t<div class=\"elementor-element elementor-element-69b4c69 e-con-full e-flex e-con e-child\" data-id=\"69b4c69\" data-element_type=\"container\" data-e-type=\"container\">\n\t\t\t\t<div class=\"elementor-element elementor-element-91f6698 elementor-widget elementor-widget-rakarimage\" data-id=\"91f6698\" data-element_type=\"widget\" data-e-type=\"widget\" data-widget_type=\"rakarimage.default\">\n\t\t\t\t<div class=\"elementor-widget-container\">\n\t\t\t\t\t<div class=\"img-box1 \"><div class=\"img1\"><img decoding=\"async\" src=\"https:\/\/www.takateknoloji.com\/wp-content\/uploads\/2025\/06\/anasayfa-img-1.jpg\" alt=\"anasayfa img 1\"  \/><\/div><div class=\"box-badge\"><div class=\"spin-text\">\r\n\t\t\t\t\t\t\t<svg version=\"1.1\" xmlns=\"http:\/\/www.w3.org\/2000\/svg\" xmlns:xlink=\"http:\/\/www.w3.org\/1999\/xlink\" x=\"0px\" y=\"0px\" width=\"300px\" height=\"300px\" viewBox=\"0 0 300 300\" enable-background=\"new 0 0 300 300\" xml:space=\"preserve\">\r\n\t\t\t\t\t\t\t\t<defs>\r\n\t\t\t\t\t\t\t\t\t<path id=\"circlePath\" d=\"M 150, 150 m -60, 0 a 60,60 0 0,1 120,0 a 60,60 0 0,1 -120,0 \" \/>\r\n\t\t\t\t\t\t\t\t<\/defs>\r\n\t\t\t\t\t\t\t\t<circle cx=\"150\" cy=\"100\" r=\"75\" fill=\"none\" \/>\r\n\t\t\t\t\t\t\t\t<g>\r\n\t\t\t\t\t\t\t\t\t<use xlink:href=\"#circlePath\" fill=\"none\" \/>\r\n\t\t\t\t\t\t\t\t\t<text fill=\"#fff\">\r\n\t\t\t\t\t\t\t\t\t\t<textPath xlink:href=\"#circlePath\">TAKA TEKNOLOJ\u0130 - TAKA TECHNOLOGY<\/textPath>\r\n\t\t\t\t\t\t\t\t\t<\/text>\r\n\t\t\t\t\t\t\t\t<\/g>\r\n\t\t\t\t\t\t\t<\/svg>\r\n\t\t\t\t\t\t<\/div><div class=\"box-icon\"><img decoding=\"async\" src=\"https:\/\/www.takateknoloji.com\/wp-content\/uploads\/2025\/06\/logo-kare.png\" alt=\"logo kare\"  \/><\/div><\/div><img decoding=\"async\" src=\"https:\/\/wordpress.themeholy.com\/rakar\/wp-content\/uploads\/2024\/07\/dots_1.svg\" alt=\"dots_1\"  class=\"dot-shape\" \/><\/div>\t\t\t\t<\/div>\n\t\t\t\t<\/div>\n\t\t\t\t<\/div>\n\t\t\t\t<\/div>\n\t\t\t\t<div class=\"elementor-element elementor-element-023fd1f elementor-widget elementor-widget-rakarshapeimage\" data-id=\"023fd1f\" data-element_type=\"widget\" data-e-type=\"widget\" data-widget_type=\"rakarshapeimage.default\">\n\t\t\t\t<div class=\"elementor-widget-container\">\n\t\t\t\t\t<!-- Image --><div class=\"shape-mockup spin \" data-top=\"6%\" data-left=\"3%\"><img decoding=\"async\" class=\"\" src=\"https:\/\/wordpress.themeholy.com\/rakar\/wp-content\/uploads\/2024\/07\/dots_1.svg\" alt=\"Shape Image\" ><\/div><!-- End Image -->\t\t\t\t<\/div>\n\t\t\t\t<\/div>\n\t\t\t\t<div class=\"elementor-element elementor-element-0da9a53 elementor-widget elementor-widget-rakarshapeimage\" data-id=\"0da9a53\" data-element_type=\"widget\" data-e-type=\"widget\" data-widget_type=\"rakarshapeimage.default\">\n\t\t\t\t<div class=\"elementor-widget-container\">\n\t\t\t\t\t<!-- Image --><div class=\"shape-mockup  d-xl-block d-none\" data-bottom=\"3%\" data-right=\"1px\"><img decoding=\"async\" class=\"\" src=\"https:\/\/wordpress.themeholy.com\/rakar\/wp-content\/uploads\/2024\/07\/lines_2.png\" alt=\"Shape Image\" ><\/div><!-- End Image -->\t\t\t\t<\/div>\n\t\t\t\t<\/div>\n\t\t\t\t\t<\/div>\n\t\t\t\t<\/div>\n\t\t<div class=\"elementor-element elementor-element-bd18368 bg-white e-flex e-con-boxed e-con e-parent\" data-id=\"bd18368\" data-element_type=\"container\" data-e-type=\"container\" data-settings=\"{&quot;background_background&quot;:&quot;classic&quot;}\">\n\t\t\t\t\t<div class=\"e-con-inner\">\n\t\t\t\t<div class=\"elementor-element elementor-element-7c18d46 elementor-widget elementor-widget-rakarshapeimage\" data-id=\"7c18d46\" data-element_type=\"widget\" data-e-type=\"widget\" data-widget_type=\"rakarshapeimage.default\">\n\t\t\t\t<div class=\"elementor-widget-container\">\n\t\t\t\t\t<!-- Image --><div class=\"shape-mockup spin \" data-bottom=\"1px\" data-left=\"1px\"><img decoding=\"async\" class=\"\" src=\"https:\/\/wordpress.themeholy.com\/rakar\/wp-content\/uploads\/2024\/07\/lines_1.png\" alt=\"Shape Image\" ><\/div><!-- End Image -->\t\t\t\t<\/div>\n\t\t\t\t<\/div>\n\t\t\t\t<div class=\"elementor-element elementor-element-b0fbaee elementor-widget__width-initial elementor-widget elementor-widget-rakarsectiontitle\" data-id=\"b0fbaee\" data-element_type=\"widget\" data-e-type=\"widget\" data-widget_type=\"rakarsectiontitle.default\">\n\t\t\t\t<div class=\"elementor-widget-container\">\n\t\t\t\t\t\t\t<div class=\"title-area text-center \">\r\n\t\t\t<h2 class=\"sec-title \">Our Values<\/h2>\t\t<\/div>\r\n\r\n\t\t\t\t\t<\/div>\n\t\t\t\t<\/div>\n\t\t\t\t<div class=\"elementor-element elementor-element-547c673 elementor-widget elementor-widget-rakarservice\" data-id=\"547c673\" data-element_type=\"widget\" data-e-type=\"widget\" data-widget_type=\"rakarservice.default\">\n\t\t\t\t<div class=\"elementor-widget-container\">\n\t\t\t\t\t<div class=\"slider-area\"><div class=\"swiper th-slider has-shadow\" id=\"serviceSlider1\" data-slider-options='{\"loop\":false,\"slidesPerGroup\":\"2\",\"breakpoints\":{\"0\":{\"slidesPerView\":1},\"576\":{\"slidesPerView\":\"1\"},\"768\":{\"slidesPerView\":\"2\"},\"992\":{\"slidesPerView\":\"2\"},\"1200\":{\"slidesPerView\":\"3\"},\"1300\":{\"slidesPerView\":\"4\"}}}'><div class=\"swiper-wrapper\"><div class=\"swiper-slide\"><div class=\"service-card\"><h3 class=\"box-title\"><a href=\"\">Reliability<\/a><\/h3><p class=\"box-text\">We provide trustworthy service at every step\u2014from sales to support\u2014so families can have peace of mind.<\/p><\/div><\/div><div class=\"swiper-slide\"><div class=\"service-card\"><h3 class=\"box-title\"><a href=\"\">Child-Centered Approach<\/a><\/h3><p class=\"box-text\">The happiness, safety, and development of children are at the heart of all our products and services.<\/p><\/div><\/div><div class=\"swiper-slide\"><div class=\"service-card\"><h3 class=\"box-title\"><a href=\"\">Innovation<\/a><\/h3><p class=\"box-text\">We follow technological advancements and develop solutions that make a difference in the industry.<\/p><\/div><\/div><div class=\"swiper-slide\"><div class=\"service-card\"><h3 class=\"box-title\"><a href=\"\">Responsibility<\/a><\/h3><p class=\"box-text\">We act with the awareness of contributing to the individuals of the future by offering high-quality and safe products.<\/p><\/div><\/div><div class=\"swiper-slide\"><div class=\"service-card\"><h3 class=\"box-title\"><a href=\"\">Accessibility<\/a><\/h3><p class=\"box-text\">With our widespread service network and user-friendly support, we are always by your side.<\/p><\/div><\/div><div class=\"swiper-slide\"><div class=\"service-card\"><h3 class=\"box-title\"><a href=\"\">Sustainability<\/a><\/h3><p class=\"box-text\">We prioritize creating environmentally friendly and long-lasting solutions for future generations.<\/p><\/div><\/div><div class=\"swiper-slide\"><div class=\"service-card\"><h3 class=\"box-title\"><a href=\"\">Educational Fun<\/a><\/h3><p class=\"box-text\">We support learning through play and encourage children&#039;s physical and mental development.<\/p><\/div><\/div><\/div><div class=\"slider-pagination\"><\/div><\/div><\/div>\t\t\t\t<\/div>\n\t\t\t\t<\/div>\n\t\t\t\t\t<\/div>\n\t\t\t\t<\/div>\n\t\t\t\t<\/div>\n\t\t","protected":false},"excerpt":{"rendered":"<p>The Address of Trust and Quality in Battery-Powered Vehicles Our company, operating in battery-powered vehicle sales, technical support, and manufacturing, offers innovative solutions that help children grow while having fun. Battery-Powered Car Sales We offer safe and high-quality battery-powered cars designed for children, with both new and second-hand options available. Spare Parts Sales We provide&#8230;<\/p>\n","protected":false},"author":1,"featured_media":0,"parent":0,"menu_order":0,"comment_status":"closed","ping_status":"closed","template":"template-builder.php","meta":{"iawp_total_views":11,"footnotes":""},"class_list":["post-3084","page","type-page","status-publish","hentry"],"_links":{"self":[{"href":"https:\/\/takateknoloji.com\/en\/wp-json\/wp\/v2\/pages\/3084","targetHints":{"allow":["GET"]}}],"collection":[{"href":"https:\/\/takateknoloji.com\/en\/wp-json\/wp\/v2\/pages"}],"about":[{"href":"https:\/\/takateknoloji.com\/en\/wp-json\/wp\/v2\/types\/page"}],"author":[{"embeddable":true,"href":"https:\/\/takateknoloji.com\/en\/wp-json\/wp\/v2\/users\/1"}],"replies":[{"embeddable":true,"href":"https:\/\/takateknoloji.com\/en\/wp-json\/wp\/v2\/comments?post=3084"}],"version-history":[{"count":8,"href":"https:\/\/takateknoloji.com\/en\/wp-json\/wp\/v2\/pages\/3084\/revisions"}],"predecessor-version":[{"id":3167,"href":"https:\/\/takateknoloji.com\/en\/wp-json\/wp\/v2\/pages\/3084\/revisions\/3167"}],"wp:attachment":[{"href":"https:\/\/takateknoloji.com\/en\/wp-json\/wp\/v2\/media?parent=3084"}],"curies":[{"name":"wp","href":"https:\/\/api.w.org\/{rel}","templated":true}]}}