{"id":3094,"date":"2025-06-13T12:28:31","date_gmt":"2025-06-13T12:28:31","guid":{"rendered":"https:\/\/takateknoloji.com\/about\/misyon-vizyon\/"},"modified":"2025-06-17T20:43:19","modified_gmt":"2025-06-17T20:43:19","slug":"mission-vision","status":"publish","type":"page","link":"https:\/\/takateknoloji.com\/en\/about\/mission-vision\/","title":{"rendered":"Mission, Vision"},"content":{"rendered":"\t\t<div data-elementor-type=\"wp-page\" data-elementor-id=\"3094\" class=\"elementor elementor-3094 elementor-2468\" data-elementor-post-type=\"page\">\n\t\t\t\t<div class=\"elementor-element elementor-element-fac7082 e-flex e-con-boxed e-con e-parent\" data-id=\"fac7082\" data-element_type=\"container\" data-e-type=\"container\" data-settings=\"{&quot;background_background&quot;:&quot;classic&quot;}\">\n\t\t\t\t\t<div class=\"e-con-inner\">\n\t\t<div class=\"elementor-element elementor-element-5eda4d0 e-con-full e-flex e-con e-child\" data-id=\"5eda4d0\" data-element_type=\"container\" data-e-type=\"container\" data-settings=\"{&quot;background_background&quot;:&quot;classic&quot;}\">\n\t\t<div class=\"elementor-element elementor-element-abfee21 e-con-full e-flex e-con e-child\" data-id=\"abfee21\" data-element_type=\"container\" data-e-type=\"container\">\n\t\t\r\n\t\t<div class=\"elementor-element elementor-element-b125708 elementor-widget elementor-widget-rakarsectiontitle\" data-id=\"b125708\" data-element_type=\"widget\" data-e-type=\"widget\" data-widget_type=\"rakarsectiontitle.default\">\n\t\t\t\t<div class=\"elementor-widget-container\">\n\t\t\t\t\t\t\t<div class=\"title-area  \">\r\n\t\t\t<h2 class=\"sec-title \">Our Mission<\/h2>\t\t<\/div>\r\n\r\n\t\t\t\t\t<\/div>\n\t\t\t\t<\/div>\n\t\t\t\t<div class=\"elementor-element elementor-element-d96d96b elementor-widget elementor-widget-text-editor\" data-id=\"d96d96b\" data-element_type=\"widget\" data-e-type=\"widget\" data-widget_type=\"text-editor.default\">\n\t\t\t\t<div class=\"elementor-widget-container\">\n\t\t\t\t\t\t\t\t\t<span style=\"font-weight: 400;\">To contribute to preparing our children for the future with confidence and equipped skills; we provide safe and high-quality battery-powered vehicles that introduce them to technology at an early age, entertaining and developing them. As Taka Technology, from the sale of new and second-hand products to technical service, from control board repair to a widespread service network, we are committed to offering families trust and children a happiness- and development-focused experience at every step.<\/span>\t\t\t\t\t\t\t\t<\/div>\n\t\t\t\t<\/div>\n\t\t\t\t<div class=\"elementor-element elementor-element-46ebf0f elementor-widget elementor-widget-rakarsectiontitle\" data-id=\"46ebf0f\" data-element_type=\"widget\" data-e-type=\"widget\" data-widget_type=\"rakarsectiontitle.default\">\n\t\t\t\t<div class=\"elementor-widget-container\">\n\t\t\t\t\t\t\t<div class=\"title-area  \">\r\n\t\t\t<h2 class=\"sec-title \">Our Vision<\/h2>\t\t<\/div>\r\n\r\n\t\t\t\t\t<\/div>\n\t\t\t\t<\/div>\n\t\t\t\t<div class=\"elementor-element elementor-element-8ec0ffe elementor-widget elementor-widget-text-editor\" data-id=\"8ec0ffe\" data-element_type=\"widget\" data-e-type=\"widget\" data-widget_type=\"text-editor.default\">\n\t\t\t\t<div class=\"elementor-widget-container\">\n\t\t\t\t\t\t\t\t\t<span style=\"font-weight: 400;\">By continuously following evolving technology and global trends, to become a sustainable, innovative, and value-generating brand that is exemplary not only in Turkey but also internationally in the battery-powered vehicle sector for children. Taka Technology aims to be a reliable companion for a generation that learns through play, has high self-confidence, and approaches technology consciously.<\/span>\t\t\t\t\t\t\t\t<\/div>\n\t\t\t\t<\/div>\n\t\t\t\t<\/div>\n\t\t<div class=\"elementor-element elementor-element-28688d7 e-con-full e-flex e-con e-child\" data-id=\"28688d7\" data-element_type=\"container\" data-e-type=\"container\">\n\t\t\t\t<div class=\"elementor-element elementor-element-096dba4 elementor-widget elementor-widget-rakarimage\" data-id=\"096dba4\" data-element_type=\"widget\" data-e-type=\"widget\" data-widget_type=\"rakarimage.default\">\n\t\t\t\t<div class=\"elementor-widget-container\">\n\t\t\t\t\t<div class=\"img-box1 \"><div class=\"img1\"><img decoding=\"async\" src=\"https:\/\/www.takateknoloji.com\/wp-content\/uploads\/2025\/06\/galeri-9.jpg\" alt=\"galeri 9\"  \/><\/div><div class=\"box-badge\"><div class=\"spin-text\">\r\n\t\t\t\t\t\t\t<svg version=\"1.1\" xmlns=\"http:\/\/www.w3.org\/2000\/svg\" xmlns:xlink=\"http:\/\/www.w3.org\/1999\/xlink\" x=\"0px\" y=\"0px\" width=\"300px\" height=\"300px\" viewBox=\"0 0 300 300\" enable-background=\"new 0 0 300 300\" xml:space=\"preserve\">\r\n\t\t\t\t\t\t\t\t<defs>\r\n\t\t\t\t\t\t\t\t\t<path id=\"circlePath\" d=\"M 150, 150 m -60, 0 a 60,60 0 0,1 120,0 a 60,60 0 0,1 -120,0 \" \/>\r\n\t\t\t\t\t\t\t\t<\/defs>\r\n\t\t\t\t\t\t\t\t<circle cx=\"150\" cy=\"100\" r=\"75\" fill=\"none\" \/>\r\n\t\t\t\t\t\t\t\t<g>\r\n\t\t\t\t\t\t\t\t\t<use xlink:href=\"#circlePath\" fill=\"none\" \/>\r\n\t\t\t\t\t\t\t\t\t<text fill=\"#fff\">\r\n\t\t\t\t\t\t\t\t\t\t<textPath xlink:href=\"#circlePath\">TAKA TEKNOLOJ\u0130 - TAKA TECHNOLOGY<\/textPath>\r\n\t\t\t\t\t\t\t\t\t<\/text>\r\n\t\t\t\t\t\t\t\t<\/g>\r\n\t\t\t\t\t\t\t<\/svg>\r\n\t\t\t\t\t\t<\/div><div class=\"box-icon\"><img decoding=\"async\" src=\"https:\/\/www.takateknoloji.com\/wp-content\/uploads\/2025\/06\/logo-kare.png\" alt=\"logo kare\"  \/><\/div><\/div><img decoding=\"async\" src=\"https:\/\/wordpress.themeholy.com\/rakar\/wp-content\/uploads\/2024\/07\/dots_1.svg\" alt=\"dots_1\"  class=\"dot-shape\" \/><\/div>\t\t\t\t<\/div>\n\t\t\t\t<\/div>\n\t\t\t\t<\/div>\n\t\t\t\t<\/div>\n\t\t\t\t<div class=\"elementor-element elementor-element-532f7ee elementor-widget elementor-widget-rakarshapeimage\" data-id=\"532f7ee\" data-element_type=\"widget\" data-e-type=\"widget\" data-widget_type=\"rakarshapeimage.default\">\n\t\t\t\t<div class=\"elementor-widget-container\">\n\t\t\t\t\t<!-- Image --><div class=\"shape-mockup spin \" data-top=\"6%\" data-left=\"3%\"><img decoding=\"async\" class=\"\" src=\"https:\/\/wordpress.themeholy.com\/rakar\/wp-content\/uploads\/2024\/07\/dots_1.svg\" alt=\"Shape Image\" ><\/div><!-- End Image -->\t\t\t\t<\/div>\n\t\t\t\t<\/div>\n\t\t\t\t<div class=\"elementor-element elementor-element-ea08316 elementor-widget elementor-widget-rakarshapeimage\" data-id=\"ea08316\" data-element_type=\"widget\" data-e-type=\"widget\" data-widget_type=\"rakarshapeimage.default\">\n\t\t\t\t<div class=\"elementor-widget-container\">\n\t\t\t\t\t<!-- Image --><div class=\"shape-mockup  d-xl-block d-none\" data-bottom=\"3%\" data-right=\"1px\"><img decoding=\"async\" class=\"\" src=\"https:\/\/wordpress.themeholy.com\/rakar\/wp-content\/uploads\/2024\/07\/lines_2.png\" alt=\"Shape Image\" ><\/div><!-- End Image -->\t\t\t\t<\/div>\n\t\t\t\t<\/div>\n\t\t\t\t\t<\/div>\n\t\t\t\t<\/div>\n\t\t<div class=\"elementor-element elementor-element-00d41d8 e-flex e-con-boxed e-con e-parent\" data-id=\"00d41d8\" data-element_type=\"container\" data-e-type=\"container\" data-settings=\"{&quot;background_background&quot;:&quot;classic&quot;}\">\n\t\t\t\t\t<div class=\"e-con-inner\">\n\t\t<div class=\"elementor-element elementor-element-36ac6ff e-con-full e-flex e-con e-child\" data-id=\"36ac6ff\" data-element_type=\"container\" data-e-type=\"container\">\n\t\t\t\t<div class=\"elementor-element elementor-element-c4d613e elementor-widget elementor-widget-rakarsectiontitle\" data-id=\"c4d613e\" data-element_type=\"widget\" data-e-type=\"widget\" data-widget_type=\"rakarsectiontitle.default\">\n\t\t\t\t<div class=\"elementor-widget-container\">\n\t\t\t\t\t\t\t<div class=\"title-area  \">\r\n\t\t\t<h2 class=\"sec-title \">WIDESPREAD SERVICE NETWORK<\/h2><p>Our service network, spreading across the seven regions of Turkey, with our experienced technical team and customer-focused service approach; we work with all our strength to ensure children have a safe, educational, and enjoyable play experience.<\/p>\t\t<\/div>\r\n\r\n\t\t\t\t\t<\/div>\n\t\t\t\t<\/div>\n\t\t\t\t<div class=\"elementor-element elementor-element-13df23c elementor-widget elementor-widget-html\" data-id=\"13df23c\" data-element_type=\"widget\" data-e-type=\"widget\" data-widget_type=\"html.default\">\n\t\t\t\t<div class=\"elementor-widget-container\">\n\t\t\t\t\t<div class=\"checklist\">\r\n<ul>\r\n    <li>Experienced Technical Team<\/li>\r\n    <li>Customer-Focused Service<\/li>\r\n    <li>Extensive Service Network<\/li>\r\n    <li>Continuous Improvement<\/li>\r\n    \r\n    <li>Learning Through Play<\/li>\r\n<\/ul>\r\n<\/div>\t\t\t\t<\/div>\n\t\t\t\t<\/div>\n\t\t<div class=\"elementor-element elementor-element-ce00ca3 e-con-full e-flex e-con e-child\" data-id=\"ce00ca3\" data-element_type=\"container\" data-e-type=\"container\">\n\t\t\t\t<div class=\"elementor-element elementor-element-e9d1a26 elementor-widget__width-initial elementor-widget elementor-widget-rakarbutton\" data-id=\"e9d1a26\" data-element_type=\"widget\" data-e-type=\"widget\" data-widget_type=\"rakarbutton.default\">\n\t\t\t\t<div class=\"elementor-widget-container\">\n\t\t\t\t\t<div class=\"btn-wrapper\"><a class=\"th-btn th_btn style4\" href=\"https:\/\/takateknoloji.com\/en\/about\/about-us\/\">ABOUT US<i class=\"far fa-arrow-right\"><\/i><\/a><\/div>\t\t\t\t<\/div>\n\t\t\t\t<\/div>\n\t\t\t\t<\/div>\n\t\t\t\t<\/div>\n\t\t<div class=\"elementor-element elementor-element-c65aa33 e-con-full e-flex e-con e-child\" data-id=\"c65aa33\" data-element_type=\"container\" data-e-type=\"container\">\n\t\t\t\t<div class=\"elementor-element elementor-element-3e63e89 elementor-widget elementor-widget-rakarimage\" data-id=\"3e63e89\" data-element_type=\"widget\" data-e-type=\"widget\" data-widget_type=\"rakarimage.default\">\n\t\t\t\t<div class=\"elementor-widget-container\">\n\t\t\t\t\t<div class=\"rounded-img1\"><img decoding=\"async\" src=\"https:\/\/www.takateknoloji.com\/wp-content\/uploads\/2025\/06\/teknik-servis.jpg\" alt=\"teknik servis\"  \/><\/div>\t\t\t\t<\/div>\n\t\t\t\t<\/div>\n\t\t\t\t<\/div>\n\t\t<div class=\"elementor-element elementor-element-b680789 e-con-full e-flex e-con e-child\" data-id=\"b680789\" data-element_type=\"container\" data-e-type=\"container\">\n\t\t\t\t<div class=\"elementor-element elementor-element-5e5ca9a elementor-widget elementor-widget-rakarfeatures\" data-id=\"5e5ca9a\" data-element_type=\"widget\" data-e-type=\"widget\" data-widget_type=\"rakarfeatures.default\">\n\t\t\t\t<div class=\"elementor-widget-container\">\n\t\t\t\t\t<div class=\"contact-process-wrap no-bg\"><div class=\"contact-process\"><div class=\"box-number\">01<\/div><div class=\"media-body\"><h3 class=\"box-title\">Technology<\/h3><p class=\"box-text\">In an increasingly globalized and rapidly digitalizing world, contributing to raising individuals who not only consume technology but also use it consciously is among our priorities. While encouraging children to build a healthy connection with technology at an early age, we aim to add value to society with sustainable, innovative, and future-conscious products.<\/p><\/div><\/div><div class=\"contact-process\"><div class=\"box-number\">02<\/div><div class=\"media-body\"><h3 class=\"box-title\">Global Quality<\/h3><p class=\"box-text\">We continuously improve ourselves to represent our national success in international markets as well, acting with a vision to provide products and services that comply with global quality standards. We are determined to offer more inclusive and inspiring solutions for children growing within the triangle of education, entertainment, and technology.<\/p><\/div><\/div><div class=\"contact-process\"><div class=\"box-number\">03<\/div><div class=\"media-body\"><h3 class=\"box-title\">Learning Through Play<\/h3><p class=\"box-text\">For generations that look to the future with hope, we continue to offer the most enjoyable way of learning through play and developing with technology.<\/p><\/div><\/div><\/div>\t\t\t\t<\/div>\n\t\t\t\t<\/div>\n\t\t\t\t<\/div>\n\t\t\t\t\t<\/div>\n\t\t\t\t<\/div>\n\t\t<div class=\"elementor-element elementor-element-324f74d e-flex e-con-boxed e-con e-parent\" data-id=\"324f74d\" data-element_type=\"container\" data-e-type=\"container\" data-settings=\"{&quot;background_background&quot;:&quot;classic&quot;}\">\n\t\t\t\t\t<div class=\"e-con-inner\">\n\t\t\t\t<div class=\"elementor-element elementor-element-d1c4876 elementor-widget elementor-widget-rakarshapeimage\" data-id=\"d1c4876\" data-element_type=\"widget\" data-e-type=\"widget\" data-widget_type=\"rakarshapeimage.default\">\n\t\t\t\t<div class=\"elementor-widget-container\">\n\t\t\t\t\t<!-- Image --><div class=\"shape-mockup spin \" data-top=\"1px\" data-right=\"1px\"><img decoding=\"async\" class=\"\" src=\"https:\/\/wordpress.themeholy.com\/rakar\/wp-content\/uploads\/2024\/07\/lines_1.png\" alt=\"Shape Image\" ><\/div><!-- End Image -->\t\t\t\t<\/div>\n\t\t\t\t<\/div>\n\t\t\t\t<div class=\"elementor-element elementor-element-4eb1056 elementor-widget__width-initial elementor-widget elementor-widget-rakarsectiontitle\" data-id=\"4eb1056\" data-element_type=\"widget\" data-e-type=\"widget\" data-widget_type=\"rakarsectiontitle.default\">\n\t\t\t\t<div class=\"elementor-widget-container\">\n\t\t\t\t\t\t\t<div class=\"title-area text-center \">\r\n\t\t\t<h2 class=\"sec-title \">Our Services<\/h2><p>Our company, operating in battery-powered vehicle sales, technical support, and production, offers innovative solutions that help children develop while having fun.<\/p>\t\t<\/div>\r\n\r\n\t\t\t\t\t<\/div>\n\t\t\t\t<\/div>\n\t\t<div class=\"elementor-element elementor-element-a2c5f0d e-con-full e-grid e-con e-child\" data-id=\"a2c5f0d\" data-element_type=\"container\" data-e-type=\"container\" data-settings=\"{&quot;background_background&quot;:&quot;classic&quot;}\">\n\t\t\t\t<div class=\"elementor-element elementor-element-a092810 elementor-position-top elementor-widget elementor-widget-image-box\" data-id=\"a092810\" data-element_type=\"widget\" data-e-type=\"widget\" data-widget_type=\"image-box.default\">\n\t\t\t\t<div class=\"elementor-widget-container\">\n\t\t\t\t\t<div class=\"elementor-image-box-wrapper\"><figure class=\"elementor-image-box-img\"><a href=\"https:\/\/takateknoloji.com\/en\/our-services\/battery-powered-car-sales\/\" tabindex=\"-1\"><img fetchpriority=\"high\" decoding=\"async\" width=\"640\" height=\"450\" src=\"https:\/\/takateknoloji.com\/wp-content\/uploads\/2025\/06\/akulu-araba-satisi.jpg\" class=\"attachment-full size-full wp-image-2408\" alt=\"Ak\u00fcl\u00fc Araba Sat\u0131\u015f\u0131\" srcset=\"https:\/\/takateknoloji.com\/wp-content\/uploads\/2025\/06\/akulu-araba-satisi.jpg 640w, https:\/\/takateknoloji.com\/wp-content\/uploads\/2025\/06\/akulu-araba-satisi-300x211.jpg 300w\" sizes=\"(max-width: 640px) 100vw, 640px\" \/><\/a><\/figure><div class=\"elementor-image-box-content\"><h3 class=\"elementor-image-box-title\"><a href=\"https:\/\/takateknoloji.com\/en\/our-services\/battery-powered-car-sales\/\">Battery-Powered Car Sales<\/a><\/h3><p class=\"elementor-image-box-description\">We offer safe and high-quality battery-powered cars designed for children, with both new and second-hand options available.<\/p><\/div><\/div>\t\t\t\t<\/div>\n\t\t\t\t<\/div>\n\t\t\t\t<div class=\"elementor-element elementor-element-aa5e255 elementor-position-top elementor-widget elementor-widget-image-box\" data-id=\"aa5e255\" data-element_type=\"widget\" data-e-type=\"widget\" data-widget_type=\"image-box.default\">\n\t\t\t\t<div class=\"elementor-widget-container\">\n\t\t\t\t\t<div class=\"elementor-image-box-wrapper\"><figure class=\"elementor-image-box-img\"><a href=\"https:\/\/takateknoloji.com\/en\/our-services\/spare-parts-sales\/\" tabindex=\"-1\"><img decoding=\"async\" width=\"640\" height=\"450\" src=\"https:\/\/takateknoloji.com\/wp-content\/uploads\/2025\/06\/yedek-parca.jpg\" class=\"attachment-full size-full wp-image-2410\" alt=\"Yedek Malzeme Sat\u0131\u015f\u0131\" srcset=\"https:\/\/takateknoloji.com\/wp-content\/uploads\/2025\/06\/yedek-parca.jpg 640w, https:\/\/takateknoloji.com\/wp-content\/uploads\/2025\/06\/yedek-parca-300x211.jpg 300w\" sizes=\"(max-width: 640px) 100vw, 640px\" \/><\/a><\/figure><div class=\"elementor-image-box-content\"><h3 class=\"elementor-image-box-title\"><a href=\"https:\/\/takateknoloji.com\/en\/our-services\/spare-parts-sales\/\">Spare Parts Sales<\/a><\/h3><p class=\"elementor-image-box-description\">We provide original and compatible spare parts for all brands of battery-powered vehicles, with fast supply and reliable service.<\/p><\/div><\/div>\t\t\t\t<\/div>\n\t\t\t\t<\/div>\n\t\t\t\t<div class=\"elementor-element elementor-element-c3b4ed9 elementor-position-top elementor-widget elementor-widget-image-box\" data-id=\"c3b4ed9\" data-element_type=\"widget\" data-e-type=\"widget\" data-widget_type=\"image-box.default\">\n\t\t\t\t<div class=\"elementor-widget-container\">\n\t\t\t\t\t<div class=\"elementor-image-box-wrapper\"><figure class=\"elementor-image-box-img\"><a href=\"https:\/\/takateknoloji.com\/en\/our-services\/technical-service\/\" tabindex=\"-1\"><img decoding=\"async\" width=\"640\" height=\"450\" src=\"https:\/\/takateknoloji.com\/wp-content\/uploads\/2025\/06\/teknik-servis-1.jpg\" class=\"attachment-full size-full wp-image-2409\" alt=\"Teknik Servis\" srcset=\"https:\/\/takateknoloji.com\/wp-content\/uploads\/2025\/06\/teknik-servis-1.jpg 640w, https:\/\/takateknoloji.com\/wp-content\/uploads\/2025\/06\/teknik-servis-1-300x211.jpg 300w\" sizes=\"(max-width: 640px) 100vw, 640px\" \/><\/a><\/figure><div class=\"elementor-image-box-content\"><h3 class=\"elementor-image-box-title\"><a href=\"https:\/\/takateknoloji.com\/en\/our-services\/technical-service\/\">Battery-Powered Vehicle Technical Service<\/a><\/h3><p class=\"elementor-image-box-description\">We offer fault detection, maintenance, and repair services for your battery-powered vehicles quickly and reliably with our expert team.<\/p><\/div><\/div>\t\t\t\t<\/div>\n\t\t\t\t<\/div>\n\t\t\t\t<div class=\"elementor-element elementor-element-df2a396 elementor-position-top elementor-widget elementor-widget-image-box\" data-id=\"df2a396\" data-element_type=\"widget\" data-e-type=\"widget\" data-widget_type=\"image-box.default\">\n\t\t\t\t<div class=\"elementor-widget-container\">\n\t\t\t\t\t<div class=\"elementor-image-box-wrapper\"><figure class=\"elementor-image-box-img\"><a href=\"https:\/\/takateknoloji.com\/en\/our-services\/control-board-repair\/\" tabindex=\"-1\"><img loading=\"lazy\" decoding=\"async\" width=\"640\" height=\"450\" src=\"https:\/\/takateknoloji.com\/wp-content\/uploads\/2025\/06\/kontrol-karti.jpg\" class=\"attachment-full size-full wp-image-2545\" alt=\"\" srcset=\"https:\/\/takateknoloji.com\/wp-content\/uploads\/2025\/06\/kontrol-karti.jpg 640w, https:\/\/takateknoloji.com\/wp-content\/uploads\/2025\/06\/kontrol-karti-300x211.jpg 300w\" sizes=\"(max-width: 640px) 100vw, 640px\" \/><\/a><\/figure><div class=\"elementor-image-box-content\"><h3 class=\"elementor-image-box-title\"><a href=\"https:\/\/takateknoloji.com\/en\/our-services\/control-board-repair\/\">Control Board Repair<\/a><\/h3><p class=\"elementor-image-box-description\">We quickly and reliably repair faults in the control boards of battery-powered vehicles, ensuring your vehicle operates smoothly.<\/p><\/div><\/div>\t\t\t\t<\/div>\n\t\t\t\t<\/div>\n\t\t\t\t<\/div>\n\t\t\t\t\t<\/div>\n\t\t\t\t<\/div>\n\t\t\t\t<\/div>\n\t\t","protected":false},"excerpt":{"rendered":"<p>Our Mission To contribute to preparing our children for the future with confidence and equipped skills; we provide safe and high-quality battery-powered vehicles that introduce them to technology at an early age, entertaining and developing them. As Taka Technology, from the sale of new and second-hand products to technical service, from control board repair to&#8230;<\/p>\n","protected":false},"author":1,"featured_media":0,"parent":3077,"menu_order":0,"comment_status":"closed","ping_status":"closed","template":"template-builder.php","meta":{"iawp_total_views":6,"footnotes":""},"class_list":["post-3094","page","type-page","status-publish","hentry"],"_links":{"self":[{"href":"https:\/\/takateknoloji.com\/en\/wp-json\/wp\/v2\/pages\/3094","targetHints":{"allow":["GET"]}}],"collection":[{"href":"https:\/\/takateknoloji.com\/en\/wp-json\/wp\/v2\/pages"}],"about":[{"href":"https:\/\/takateknoloji.com\/en\/wp-json\/wp\/v2\/types\/page"}],"author":[{"embeddable":true,"href":"https:\/\/takateknoloji.com\/en\/wp-json\/wp\/v2\/users\/1"}],"replies":[{"embeddable":true,"href":"https:\/\/takateknoloji.com\/en\/wp-json\/wp\/v2\/comments?post=3094"}],"version-history":[{"count":8,"href":"https:\/\/takateknoloji.com\/en\/wp-json\/wp\/v2\/pages\/3094\/revisions"}],"predecessor-version":[{"id":3159,"href":"https:\/\/takateknoloji.com\/en\/wp-json\/wp\/v2\/pages\/3094\/revisions\/3159"}],"up":[{"embeddable":true,"href":"https:\/\/takateknoloji.com\/en\/wp-json\/wp\/v2\/pages\/3077"}],"wp:attachment":[{"href":"https:\/\/takateknoloji.com\/en\/wp-json\/wp\/v2\/media?parent=3094"}],"curies":[{"name":"wp","href":"https:\/\/api.w.org\/{rel}","templated":true}]}}