{"id":3101,"date":"2025-06-13T18:41:53","date_gmt":"2025-06-13T18:41:53","guid":{"rendered":"https:\/\/takateknoloji.com\/bayii-giris-paneli\/"},"modified":"2025-06-17T16:32:35","modified_gmt":"2025-06-17T16:32:35","slug":"login","status":"publish","type":"page","link":"https:\/\/takateknoloji.com\/en\/login\/","title":{"rendered":"Login"},"content":{"rendered":"\t\t<div data-elementor-type=\"wp-page\" data-elementor-id=\"3101\" class=\"elementor elementor-3101 elementor-2716\" data-elementor-post-type=\"page\">\n\t\t\t\t<div class=\"elementor-element elementor-element-fac7082 e-flex e-con-boxed e-con e-parent\" data-id=\"fac7082\" data-element_type=\"container\" data-e-type=\"container\" data-settings=\"{&quot;background_background&quot;:&quot;classic&quot;}\">\n\t\t\t\t\t<div class=\"e-con-inner\">\n\t\t<div class=\"elementor-element elementor-element-5eda4d0 e-con-full e-flex e-con e-child\" data-id=\"5eda4d0\" data-element_type=\"container\" data-e-type=\"container\">\n\t\t<div class=\"elementor-element elementor-element-abfee21 e-flex e-con-boxed e-con e-child\" data-id=\"abfee21\" data-element_type=\"container\" data-e-type=\"container\">\n\t\t\t\t\t<div class=\"e-con-inner\">\n\t\t\r\n\t\t<div class=\"elementor-element elementor-element-b125708 elementor-widget elementor-widget-rakarsectiontitle\" data-id=\"b125708\" data-element_type=\"widget\" data-e-type=\"widget\" data-widget_type=\"rakarsectiontitle.default\">\n\t\t\t\t<div class=\"elementor-widget-container\">\n\t\t\t\t\t\t\t<div class=\"title-area  \">\r\n\t\t\t<h2 class=\"sec-title \">Bayii Giri\u015f Formu<\/h2><p>Giri\u015f yapt\u0131ktan sonra ilgili sayfaya y\u00f6nlendirileceksiniz. E\u011fer giri\u015f bilgilerinizi hat\u0131rlam\u0131yorsan\u0131z bizimle ileti\u015fime ge\u00e7iniz.<\/p>\t\t<\/div>\r\n\r\n\t\t\t\t\t<\/div>\n\t\t\t\t<\/div>\n\t\t\t\t<div class=\"elementor-element elementor-element-c8a7cff elementor-button-align-center elementor-widget elementor-widget-login\" data-id=\"c8a7cff\" data-element_type=\"widget\" data-e-type=\"widget\" data-widget_type=\"login.default\">\n\t\t\t\t<div class=\"elementor-widget-container\">\n\t\t\t\t\t\t\t<form class=\"elementor-login elementor-form\" method=\"post\" action=\"https:\/\/takateknoloji.com\/en\/wp-login.php\" aria-label=\"Login form\">\n\t\t\t<input type=\"hidden\" name=\"redirect_to\" value=\"https:\/\/takateknoloji.com\/\">\n\t\t\t<div class=\"elementor-form-fields-wrapper\">\n\t\t\t\t<div class=\"elementor-field-type-text elementor-field-group elementor-column elementor-col-100 elementor-field-required\">\n\t\t\t\t\t<label for=\"user-c8a7cff\" class=\"elementor-field-label\">Kullan\u0131c\u0131 Ad\u0131n\u0131z veya Eposta Adresiniz<\/label>\n\t\t\t\t\t<input size=\"1\" type=\"text\" name=\"log\" id=\"user-c8a7cff\" placeholder=\"Kullan\u0131c\u0131 Ad\u0131n\u0131z veya Eposta Adresiniz\" class=\"elementor-field elementor-field-textual elementor-size-sm\">\n\t\t\t\t<\/div>\n\t\t\t\t<div class=\"elementor-field-type-text elementor-field-group elementor-column elementor-col-100 elementor-field-required\">\n\t\t\t\t\t<label for=\"password-c8a7cff\" class=\"elementor-field-label\">Bayii Parolan\u0131z<\/label>\n\t\t\t\t\t<input size=\"1\" type=\"password\" name=\"pwd\" id=\"password-c8a7cff\" placeholder=\"Bayii Parolan\u0131z\" class=\"elementor-field elementor-field-textual elementor-size-sm\">\n\t\t\t\t<\/div>\n\n\t\t\t\t\n\t\t\t\t<div class=\"elementor-field-group elementor-column elementor-field-type-submit elementor-col-100\">\n\t\t\t\t\t<button type=\"submit\" class=\"elementor-size-md elementor-button\" name=\"wp-submit\">\n\t\t\t\t\t\t\t\t\t\t\t\t\t\t\t<span class=\"elementor-button-text\">Bayii Giri\u015fi Yap<\/span>\n\t\t\t\t\t\t\t\t\t\t\t\t<\/button>\n\t\t\t\t<\/div>\n\n\t\t\t\t\t\t\t<\/div>\n\t\t<\/form>\n\t\t\t\t\t\t<\/div>\n\t\t\t\t<\/div>\n\t\t\t\t\t<\/div>\n\t\t\t\t<\/div>\n\t\t<div class=\"elementor-element elementor-element-0771282 e-con-full e-flex e-con e-child\" data-id=\"0771282\" data-element_type=\"container\" data-e-type=\"container\">\n\t\t\t\t<div class=\"elementor-element elementor-element-8e94f26 elementor-widget elementor-widget-image\" data-id=\"8e94f26\" data-element_type=\"widget\" data-e-type=\"widget\" data-widget_type=\"image.default\">\n\t\t\t\t<div class=\"elementor-widget-container\">\n\t\t\t\t\t\t\t\t\t\t\t\t\t\t\t<img fetchpriority=\"high\" decoding=\"async\" width=\"751\" height=\"751\" src=\"https:\/\/takateknoloji.com\/wp-content\/uploads\/2025\/06\/bayii-login.jpg\" class=\"attachment-large size-large wp-image-3070\" alt=\"\" srcset=\"https:\/\/takateknoloji.com\/wp-content\/uploads\/2025\/06\/bayii-login.jpg 1000w, https:\/\/takateknoloji.com\/wp-content\/uploads\/2025\/06\/bayii-login-300x300.jpg 300w, https:\/\/takateknoloji.com\/wp-content\/uploads\/2025\/06\/bayii-login-150x150.jpg 150w, https:\/\/takateknoloji.com\/wp-content\/uploads\/2025\/06\/bayii-login-768x768.jpg 768w, https:\/\/takateknoloji.com\/wp-content\/uploads\/2025\/06\/bayii-login-80x80.jpg 80w, https:\/\/takateknoloji.com\/wp-content\/uploads\/2025\/06\/bayii-login-580x580.jpg 580w, https:\/\/takateknoloji.com\/wp-content\/uploads\/2025\/06\/bayii-login-85x85.jpg 85w\" sizes=\"(max-width: 751px) 100vw, 751px\" \/>\t\t\t\t\t\t\t\t\t\t\t\t\t\t\t<\/div>\n\t\t\t\t<\/div>\n\t\t\t\t<\/div>\n\t\t\t\t<\/div>\n\t\t\t\t<div class=\"elementor-element elementor-element-532f7ee elementor-widget elementor-widget-rakarshapeimage\" data-id=\"532f7ee\" data-element_type=\"widget\" data-e-type=\"widget\" data-widget_type=\"rakarshapeimage.default\">\n\t\t\t\t<div class=\"elementor-widget-container\">\n\t\t\t\t\t<!-- Image --><div class=\"shape-mockup spin \" data-top=\"6%\" data-left=\"3%\"><img decoding=\"async\" class=\"\" src=\"https:\/\/wordpress.themeholy.com\/rakar\/wp-content\/uploads\/2024\/07\/dots_1.svg\" alt=\"Shape Image\" ><\/div><!-- End Image -->\t\t\t\t<\/div>\n\t\t\t\t<\/div>\n\t\t\t\t<div class=\"elementor-element elementor-element-ea08316 elementor-widget elementor-widget-rakarshapeimage\" data-id=\"ea08316\" data-element_type=\"widget\" data-e-type=\"widget\" data-widget_type=\"rakarshapeimage.default\">\n\t\t\t\t<div class=\"elementor-widget-container\">\n\t\t\t\t\t<!-- Image --><div class=\"shape-mockup  d-xl-block d-none\" data-bottom=\"3%\" data-right=\"1px\"><img decoding=\"async\" class=\"\" src=\"https:\/\/wordpress.themeholy.com\/rakar\/wp-content\/uploads\/2024\/07\/lines_2.png\" alt=\"Shape Image\" ><\/div><!-- End Image -->\t\t\t\t<\/div>\n\t\t\t\t<\/div>\n\t\t\t\t\t<\/div>\n\t\t\t\t<\/div>\n\t\t\t\t<\/div>\n\t\t","protected":false},"excerpt":{"rendered":"<p>Bayii Giri\u015f Formu Giri\u015f yapt\u0131ktan sonra ilgili sayfaya y\u00f6nlendirileceksiniz. E\u011fer giri\u015f bilgilerinizi hat\u0131rlam\u0131yorsan\u0131z bizimle ileti\u015fime ge\u00e7iniz.<\/p>\n","protected":false},"author":1,"featured_media":0,"parent":0,"menu_order":1,"comment_status":"closed","ping_status":"closed","template":"template-builder.php","meta":{"iawp_total_views":1,"footnotes":""},"class_list":["post-3101","page","type-page","status-publish","hentry"],"_links":{"self":[{"href":"https:\/\/takateknoloji.com\/en\/wp-json\/wp\/v2\/pages\/3101","targetHints":{"allow":["GET"]}}],"collection":[{"href":"https:\/\/takateknoloji.com\/en\/wp-json\/wp\/v2\/pages"}],"about":[{"href":"https:\/\/takateknoloji.com\/en\/wp-json\/wp\/v2\/types\/page"}],"author":[{"embeddable":true,"href":"https:\/\/takateknoloji.com\/en\/wp-json\/wp\/v2\/users\/1"}],"replies":[{"embeddable":true,"href":"https:\/\/takateknoloji.com\/en\/wp-json\/wp\/v2\/comments?post=3101"}],"version-history":[{"count":2,"href":"https:\/\/takateknoloji.com\/en\/wp-json\/wp\/v2\/pages\/3101\/revisions"}],"predecessor-version":[{"id":3103,"href":"https:\/\/takateknoloji.com\/en\/wp-json\/wp\/v2\/pages\/3101\/revisions\/3103"}],"wp:attachment":[{"href":"https:\/\/takateknoloji.com\/en\/wp-json\/wp\/v2\/media?parent=3101"}],"curies":[{"name":"wp","href":"https:\/\/api.w.org\/{rel}","templated":true}]}}